{"id":227,"date":"2023-04-27T20:38:41","date_gmt":"2023-04-27T18:38:41","guid":{"rendered":"https:\/\/eatfitness49.wordpress.com\/?page_id=227"},"modified":"2025-07-10T17:50:49","modified_gmt":"2025-07-10T15:50:49","slug":"infos-pratiques-2","status":"publish","type":"page","link":"https:\/\/www.eatfitness.fr\/index.php\/infos-pratiques-2\/","title":{"rendered":"Infos pratiques"},"content":{"rendered":"\n<div class=\"wp-block-group alignfull has-background\" style=\"background-color:#fbf7f7;padding-top:40px;padding-right:8vw;padding-bottom:40px;padding-left:8vw\"><div class=\"wp-block-group__inner-container is-layout-flow wp-block-group-is-layout-flow\">\n<h2 class=\"wp-block-heading\">Tarifs 2025-2026<\/h2>\n\n\n\n<p>1 activit\u00e9 : 130 \u20ac<\/p>\n\n\n\n<p>2 activit\u00e9s : 180 \u20ac<\/p>\n\n\n\n<p class=\"has-text-align-justify\">3 activit\u00e9s : 200 \u20ac<\/p>\n\n\n\n<p>4 activit\u00e9s : 230 \u20ac<\/p>\n\n\n\n<p>Des cours d\u2019essai sont possibles \u00e0 partir du lundi 8 septembre 2025.<\/p>\n\n\n\n<p>Les places sont limit\u00e9es sur chaque cours. Nous nous r\u00e9servons le droit de refuser des inscriptions.<\/p>\n<\/div><\/div>\n\n\n\n<div class=\"wp-block-group alignfull has-background\" style=\"background-color:#fbf7f7;padding-top:40px;padding-right:8vw;padding-bottom:40px;padding-left:8vw\"><div class=\"wp-block-group__inner-container is-layout-flow wp-block-group-is-layout-flow\">\n<h2 class=\"wp-block-heading\">Lieu<\/h2>\n\n\n\n<p>Salle de Sport des Ch\u00eanes le lundi et mercredi. Salle de Sport des Tilleuls le jeudi. <\/p>\n<\/div><\/div>\n\n\n\n<div class=\"wp-block-group alignfull has-background\" style=\"background-color:#fbf7f7;padding-top:40px;padding-right:8vw;padding-bottom:40px;padding-left:8vw\"><div class=\"wp-block-group__inner-container is-layout-flow wp-block-group-is-layout-flow\">\n<h2 class=\"wp-block-heading\">Contact<\/h2>\n\n\n\n<p>N\u2019h\u00e9sitez pas \u00e0 nous contacter pour toute information compl\u00e9mentaire&nbsp;!<\/p>\n\n\n\n<p class=\"has-small-font-size\" style=\"line-height:2.4\"><a href=\"mailto:eatfitness49@gmail.com\">eatfitness49@gmail.com<\/a><br><a href=\"tel:0689704976\">06 89 70 49 76<\/a><br><a href=\"tel:06 48887033\">06 48 88 70 33<\/a><\/p>\n\n\n\n<p class=\"has-small-font-size\" style=\"line-height:2.4\"><a data-type=\"page\" data-id=\"238\" href=\"https:\/\/www.eatfitness.fr\/index.php\/reglement-interieur-eat-fitness\/\">R\u00e8glement int\u00e9rieur<\/a><br><a data-type=\"page\" data-id=\"197\" href=\"https:\/\/www.eatfitness.fr\/index.php\/statuts-association-eat-fitness\/\">Statuts de l&rsquo;association<\/a><\/p>\n\n\n\n<p class=\"has-small-font-size\"><a href=\"https:\/\/www.eatfitness.fr\/wp-content\/uploads\/2025\/07\/PV-AG-2025.pdf\" target=\"_blank\" rel=\"noopener\" title=\"\">Compte Rendu AG du 13 juin 2025<\/a><\/p>\n<\/div><\/div>\n\n\n\n<div class=\"wp-block-buttons is-layout-flex wp-block-buttons-is-layout-flex\">\n<div class=\"wp-block-button\"><a class=\"wp-block-button__link wp-element-button\" href=\"https:\/\/www.eatfitness.fr\/\">Retour \u00e0 l&rsquo;accueil<\/a><\/div>\n<\/div>\n","protected":false},"excerpt":{"rendered":"<p>Tarifs 2025-2026 1 activit\u00e9 : 130 \u20ac 2 activit\u00e9s : 180 \u20ac 3 activit\u00e9s : 200 \u20ac 4 activit\u00e9s : 230 \u20ac Des cours d\u2019essai sont possibles \u00e0 partir du lundi 8 septembre 2025. Les places sont limit\u00e9es sur chaque cours. Nous nous r\u00e9servons le droit de refuser des inscriptions. Lieu Salle de Sport des<a class=\"more-link\" href=\"https:\/\/www.eatfitness.fr\/index.php\/infos-pratiques-2\/\">Lire la suite <span class=\"screen-reader-text\">\u00ab\u00a0Infos pratiques\u00a0\u00bb<\/span><\/a><\/p>\n","protected":false},"author":1,"featured_media":0,"parent":0,"menu_order":0,"comment_status":"closed","ping_status":"closed","template":"","meta":{"footnotes":""},"class_list":["post-227","page","type-page","status-publish","hentry","entry"],"aioseo_notices":[],"jetpack_sharing_enabled":true,"_links":{"self":[{"href":"https:\/\/www.eatfitness.fr\/index.php\/wp-json\/wp\/v2\/pages\/227","targetHints":{"allow":["GET"]}}],"collection":[{"href":"https:\/\/www.eatfitness.fr\/index.php\/wp-json\/wp\/v2\/pages"}],"about":[{"href":"https:\/\/www.eatfitness.fr\/index.php\/wp-json\/wp\/v2\/types\/page"}],"author":[{"embeddable":true,"href":"https:\/\/www.eatfitness.fr\/index.php\/wp-json\/wp\/v2\/users\/1"}],"replies":[{"embeddable":true,"href":"https:\/\/www.eatfitness.fr\/index.php\/wp-json\/wp\/v2\/comments?post=227"}],"version-history":[{"count":16,"href":"https:\/\/www.eatfitness.fr\/index.php\/wp-json\/wp\/v2\/pages\/227\/revisions"}],"predecessor-version":[{"id":442,"href":"https:\/\/www.eatfitness.fr\/index.php\/wp-json\/wp\/v2\/pages\/227\/revisions\/442"}],"wp:attachment":[{"href":"https:\/\/www.eatfitness.fr\/index.php\/wp-json\/wp\/v2\/media?parent=227"}],"curies":[{"name":"wp","href":"https:\/\/api.w.org\/{rel}","templated":true}]}}