{"id":238,"date":"2023-04-27T20:40:41","date_gmt":"2023-04-27T18:40:41","guid":{"rendered":"https:\/\/eatfitness49.wordpress.com\/?page_id=238"},"modified":"2025-07-03T22:25:08","modified_gmt":"2025-07-03T20:25:08","slug":"reglement-interieur-eat-fitness","status":"publish","type":"page","link":"https:\/\/www.eatfitness.fr\/index.php\/reglement-interieur-eat-fitness\/","title":{"rendered":"R\u00e8glement int\u00e9rieur EAT Fitness"},"content":{"rendered":"\n<div class=\"wp-block-group alignfull has-text-color has-background has-link-color wp-elements-c3436eb4d1764068f92192f6f07739c1\" style=\"color:#1d1e1e;background-color:#ece2e0;padding-top:80px;padding-bottom:80px\"><div class=\"wp-block-group__inner-container is-layout-constrained wp-block-group-is-layout-constrained\">\n<p><strong>Article 1&nbsp;: Objet<\/strong><\/p>\n\n\n\n<p>L\u2019association EAT Fitness a pour objet la pratique d\u2019activit\u00e9s sportives et en particulier les activit\u00e9s suivantes&nbsp;:<\/p>\n\n\n\n<ul class=\"wp-block-list\">\n<li>STEP\/LIA<\/li>\n\n\n\n<li>Cardio&nbsp;\/ renforcement musculaire<\/li>\n\n\n\n<li>Cardio Boxe<\/li>\n\n\n\n<li>Pilates<\/li>\n\n\n\n<li>Gym douce<\/li>\n<\/ul>\n\n\n\n<p><strong>Article 2&nbsp;: Indemnit\u00e9s<\/strong><\/p>\n\n\n\n<p>Les membres du bureau et autres membres actifs ne per\u00e7oivent aucune r\u00e9mun\u00e9ration. Ces missions sont purement b\u00e9n\u00e9voles.<\/p>\n\n\n\n<p>Des frais de remboursement peuvent \u00e9ventuellement \u00eatre \u00e9mis s\u2019ils correspondent \u00e0 des missions ou services rendus. Ces remboursements sont propos\u00e9s et approuv\u00e9s par le bureau sur pr\u00e9sentation des justificatifs et sont vis\u00e9s par le Pr\u00e9sident et\/ ou le tr\u00e9sorier.<\/p>\n\n\n\n<p><strong>Article 3&nbsp;: Indemnisation du coach<\/strong><\/p>\n\n\n\n<p>Une convention annuelle est \u00e9tablie entre l\u2019association et le coach pour d\u00e9terminer les r\u00e8gles entourant les prestations r\u00e9alis\u00e9es&nbsp;: nombre de semaines, prix par cours\u2026. Une facturation mensuelle est ensuite adress\u00e9e \u00e0 l\u2019association qui la r\u00e8gle \u00e0 r\u00e9ception (le paiement par virement sera \u00e0 privil\u00e9gier).<\/p>\n\n\n\n<p>Les cours sont assur\u00e9s une semaine sur deux pendant les vacances scolaires sauf celles de No\u00ebl pendant lesquelles il n\u2019y a pas cours du tout.<\/p>\n\n\n\n<p><strong>Article 4&nbsp;: Affiliation<\/strong><\/p>\n\n\n\n<p>L\u2019association de part ses activit\u00e9s exclusivement r\u00e9alis\u00e9es en loisirs n\u2019est pas affili\u00e9e \u00e0 une f\u00e9d\u00e9ration. Aucune licence ne sera donc \u00e9tablie aux adh\u00e9rents.<\/p>\n\n\n\n<p><strong>Article 5&nbsp;: Assurance<\/strong><\/p>\n\n\n\n<p>Du fait de l\u2019absence d\u2019affiliation \u00e0 une f\u00e9d\u00e9ration, l\u2019association EAT Fitness a choisi d\u2019assurer ses activit\u00e9s aupr\u00e8s de la compagnie&nbsp;SMACL Assurances.<\/p>\n\n\n\n<p>L\u2019assurance des non licenci\u00e9s doit couvrir la responsabilit\u00e9 civile et les manifestations exceptionnelles.<\/p>\n\n\n\n<p>L\u2019association informe ses adh\u00e9rents de l\u2019int\u00e9r\u00eat de souscrire un contrat d\u2019assurance individuelle de personnes couvrant les dommages corporels auxquels leur pratique sportive peut les exposer (Art.L321-4 du code du sport).<\/p>\n\n\n\n<p>L\u2019absence d\u2019affiliation n\u2019exon\u00e8re pas l\u2019association d\u2019apporter une vigilance particuli\u00e8re \u00e0 certaines valeurs et elle s\u2019engage donc&nbsp;:<\/p>\n\n\n\n<ul class=\"wp-block-list\">\n<li>\u00c0 assurer la libert\u00e9 d\u2019opinion et le respect des droits de l\u2019homme<\/li>\n\n\n\n<li>\u00c0 interdire toute discrimination<\/li>\n\n\n\n<li>\u00c0 observer les r\u00e8gles d\u2019hygi\u00e8ne et de s\u00e9curit\u00e9 applicables aux disciplines dispens\u00e9es<\/li>\n\n\n\n<li>\u00c0 se conformer aux statuts et r\u00e8glements des organismes avec lesquels elle interagit (mairie, EAT,\u2026.)<\/li>\n<\/ul>\n\n\n\n<p>L\u2019association ne pourra pas \u00eatre tenue responsable en cas de perte ou de vol sur les lieux des cours. Elle d\u00e9clinera toute responsabilit\u00e9.<\/p>\n\n\n\n<p><strong>Article 6&nbsp;: Responsabilit\u00e9 du Pr\u00e9sident<\/strong><\/p>\n\n\n\n<p>Le Pr\u00e9sident est p\u00e9nalement responsable de l\u2019association et \u00e0 ce titre il doit \u00eatre inform\u00e9 de la totalit\u00e9 des actions de celles-ci.<\/p>\n\n\n\n<p>Pour permettre cette information, il est demand\u00e9 \u00e0 ce que tout courrier \u00e0 l\u2019en-t\u00eate de l\u2019association soit valid\u00e9 en amont par le Pr\u00e9sident.<\/p>\n\n\n\n<p>De la m\u00eame mani\u00e8re, aucun paiement ne pourra \u00eatre autoris\u00e9 sans l\u2019aval du Pr\u00e9sident.<\/p>\n\n\n\n<p>Le Pr\u00e9sident peut prendre toutes d\u00e9cisions qu\u2019il juge convenables sur les questions et cas non pr\u00e9vus aux r\u00e8glements apr\u00e8s avis des membres du bureau.<\/p>\n\n\n\n<p><strong>Article 7&nbsp;: Locaux -Mat\u00e9riel<\/strong><\/p>\n\n\n\n<p>Les locaux sont mis gracieusement \u00e0 disposition de l\u2019association par la mairie.&nbsp;<\/p>\n\n\n\n<p>Chaque adh\u00e9rent est tenu de respecter les locaux, le mat\u00e9riel et le pr\u00e9sent r\u00e8glement.<\/p>\n\n\n\n<p><strong>Article 8&nbsp;: Hygi\u00e8ne<\/strong><\/p>\n\n\n\n<p>La tenue vestimentaire devra \u00eatre adapt\u00e9e \u00e0 la pratique du sport. Des chaussures propres et sp\u00e9cifiques aux sports d\u2019int\u00e9rieur seront obligatoires.<\/p>\n\n\n\n<p><strong>Article 9&nbsp;: Adh\u00e9sions<\/strong><\/p>\n\n\n\n<p>La date limite de paiement est fix\u00e9e au 30\/09\/2025.<\/p>\n\n\n\n<p>Il est d\u00e9cid\u00e9 de proposer le paiement des adh\u00e9sions via le portail HELLO ASSO. Un mode op\u00e9ratoire sera adress\u00e9 aux adh\u00e9rents pour faciliter les d\u00e9marches. Cela leur permettra notamment d\u2019\u00e9diter une attestation de paiement \u00e0 destination de leur CSE par exemple.<\/p>\n\n\n\n<p>Les membres du bureau peuvent exercer des contr\u00f4les al\u00e9atoires et ont toute autorit\u00e9 pour refuser l\u2019acc\u00e8s \u00e0 la s\u00e9ance \u00e0 un adh\u00e9rent n\u2019ayant pas pay\u00e9 sa cotisation.<\/p>\n\n\n\n<p>L\u2019admission \u00e0 l\u2019association est ouverte \u00e0 tous les enfants \u00e0 partir de 16 ans et aux adultes sans limite d\u2019\u00e2ge.&nbsp;<\/p>\n\n\n\n<p>Lors de l\u2019inscription, il sera demand\u00e9&nbsp;:<\/p>\n\n\n\n<ul class=\"wp-block-list\">\n<li>Une fiche d\u2019inscription&nbsp;<\/li>\n\n\n\n<li>Le r\u00e8glement int\u00e9rieur d\u00fbment sign\u00e9<\/li>\n\n\n\n<li>Le paiement des cours<\/li>\n\n\n\n<li>Un questionnaire sant\u00e9: si un adh\u00e9rent r\u00e9pond &lsquo;OUI&rsquo; \u00e0 une ou plusieurs questions du questionnaire sant\u00e9, il devra fournir un certificat m\u00e9dical de non contre-indication \u00e0 la pratique sportive.&nbsp;<\/li>\n<\/ul>\n\n\n\n<p>Le certificat m\u00e9dical n\u2019est pas obligatoire d\u00e8s lors que les activit\u00e9s se font hors comp\u00e9tition.<\/p>\n\n\n\n<p>Une adresse \u00e9lectronique sera n\u00e9cessairement demand\u00e9e afin de permettre une communication fluide.&nbsp;<\/p>\n\n\n\n<p>Les adh\u00e9rents seront \u00e9galement invit\u00e9s \u00e0 int\u00e9grer un groupe Whatsapp correspondant \u00e0 leur(as) activit\u00e9(s) afin qu\u2019une information rapide puisse \u00eatre transmise en cas de besoin.&nbsp;<\/p>\n\n\n\n<p><strong>Article 10&nbsp;: Annulation \u00e9ventuelle des cours<\/strong><\/p>\n\n\n\n<p>L\u2019annulation de s\u00e9ances (maladie, urgences, accident, \u2026.) ne donne pas lieu \u00e0 remboursement. La convention sign\u00e9e avec le coach stipulant un nombre de semaines de cours, les cours annul\u00e9s sont, dans la mesure du possible,&nbsp; report\u00e9s en fin de saison.<\/p>\n\n\n\n<p><strong>Article 11&nbsp;: Remboursement des cotisations<\/strong><\/p>\n\n\n\n<p>Seul un certificat m\u00e9dical de contre-indication \u00e0 la pratique des activit\u00e9s de fitness (d\u00e9livr\u00e9 depuis moins d\u2019un mois) permettra le remboursement de l\u2019abonnement au prorata du nombre de s\u00e9ances restantes et en fonction des tarifs en vigueur. L\u2019association ne proc\u00e8dera \u00e0 aucun remboursement en cas d\u2019interruption des cours en pr\u00e9sentiel en lien avec une crise sanitaire. Le cas \u00e9ch\u00e9ant, nous nous engageons \u00e0 tout mettre en \u0153uvre pour assurer les cours en visio.<\/p>\n\n\n\n<p><strong>Article 12&nbsp;: Civisme et citoyennet\u00e9<\/strong><\/p>\n\n\n\n<p>Tout adh\u00e9rent doit faire preuve de sens civique propre au bon citoyen, en particulier de courtoisie envers les autres, la collectivit\u00e9 et la soci\u00e9t\u00e9.<\/p>\n\n\n\n<p>Dans un esprit sportif d\u2019\u00e9ducation, d\u2019int\u00e9gration et de participation \u00e0 la vie sociale et citoyenne, il coop\u00e8re et contribue \u00e0 l\u2019harmonieux \u00e9panouissement de lui-m\u00eame et des personnes en g\u00e9n\u00e9ral.<\/p>\n\n\n\n<p>En r\u00e8gle g\u00e9n\u00e9rale, tous les membres de l\u2019association sont tenus d\u2019entretenir de bonnes relations entre eux, les autres associations et autres structures et organismes.<\/p>\n\n\n\n<p><em>Mise \u00e0 jour Mai 202<\/em>5<\/p>\n\n\n\n<div class=\"wp-block-buttons is-layout-flex wp-block-buttons-is-layout-flex\">\n<div class=\"wp-block-button\"><a class=\"wp-block-button__link wp-element-button\" href=\"https:\/\/www.eatfitness.fr\/index.php\/infos-pratiques-2\/\">Retour<\/a><\/div>\n<\/div>\n<\/div><\/div>\n","protected":false},"excerpt":{"rendered":"<p>Article 1&nbsp;: Objet L\u2019association EAT Fitness a pour objet la pratique d\u2019activit\u00e9s sportives et en particulier les activit\u00e9s suivantes&nbsp;: Article 2&nbsp;: Indemnit\u00e9s Les membres du bureau et autres membres actifs ne per\u00e7oivent aucune r\u00e9mun\u00e9ration. Ces missions sont purement b\u00e9n\u00e9voles. Des frais de remboursement peuvent \u00e9ventuellement \u00eatre \u00e9mis s\u2019ils correspondent \u00e0 des missions ou services rendus.<a class=\"more-link\" href=\"https:\/\/www.eatfitness.fr\/index.php\/reglement-interieur-eat-fitness\/\">Lire la suite <span class=\"screen-reader-text\">\u00ab\u00a0R\u00e8glement int\u00e9rieur EAT Fitness\u00a0\u00bb<\/span><\/a><\/p>\n","protected":false},"author":1,"featured_media":0,"parent":0,"menu_order":0,"comment_status":"closed","ping_status":"closed","template":"","meta":{"footnotes":""},"class_list":["post-238","page","type-page","status-publish","hentry","entry"],"aioseo_notices":[],"jetpack_sharing_enabled":true,"_links":{"self":[{"href":"https:\/\/www.eatfitness.fr\/index.php\/wp-json\/wp\/v2\/pages\/238","targetHints":{"allow":["GET"]}}],"collection":[{"href":"https:\/\/www.eatfitness.fr\/index.php\/wp-json\/wp\/v2\/pages"}],"about":[{"href":"https:\/\/www.eatfitness.fr\/index.php\/wp-json\/wp\/v2\/types\/page"}],"author":[{"embeddable":true,"href":"https:\/\/www.eatfitness.fr\/index.php\/wp-json\/wp\/v2\/users\/1"}],"replies":[{"embeddable":true,"href":"https:\/\/www.eatfitness.fr\/index.php\/wp-json\/wp\/v2\/comments?post=238"}],"version-history":[{"count":5,"href":"https:\/\/www.eatfitness.fr\/index.php\/wp-json\/wp\/v2\/pages\/238\/revisions"}],"predecessor-version":[{"id":437,"href":"https:\/\/www.eatfitness.fr\/index.php\/wp-json\/wp\/v2\/pages\/238\/revisions\/437"}],"wp:attachment":[{"href":"https:\/\/www.eatfitness.fr\/index.php\/wp-json\/wp\/v2\/media?parent=238"}],"curies":[{"name":"wp","href":"https:\/\/api.w.org\/{rel}","templated":true}]}}